{"id":4076,"date":"2022-01-11T10:20:47","date_gmt":"2022-01-11T10:20:47","guid":{"rendered":"https:\/\/obelisk.themescamp.com\/?page_id=4076"},"modified":"2024-02-25T14:53:24","modified_gmt":"2024-02-25T14:53:24","slug":"portfolio","status":"publish","type":"page","link":"https:\/\/sedapublicidad.com\/home\/portfolio\/","title":{"rendered":"Portfolio"},"content":{"rendered":"\t\t<div data-elementor-type=\"wp-page\" data-elementor-id=\"4076\" class=\"elementor elementor-4076\">\n\t\t\t\t\t\t\t\t\t<section class=\"elementor-section elementor-top-section elementor-element elementor-element-3ce3bde elementor-section-full_width elementor-section-height-min-height obelisk-section-mode2 elementor-section-height-default elementor-section-items-middle\" data-id=\"3ce3bde\" data-element_type=\"section\" data-settings=\"{&quot;background_background&quot;:&quot;classic&quot;}\">\n\t\t\t\t\t\t<div class=\"elementor-container elementor-column-gap-no\">\n\t\t\t\t\t<div class=\"elementor-column elementor-col-100 elementor-top-column elementor-element elementor-element-db601c3\" data-id=\"db601c3\" data-element_type=\"column\">\n\t\t\t<div class=\"elementor-widget-wrap elementor-element-populated\">\n\t\t\t\t\t\t\t\t<div class=\"elementor-element elementor-element-52964258 elementor-align-center elementor-fixed elementor-widget elementor-widget-obelisk-title\" data-id=\"52964258\" data-element_type=\"widget\" data-settings=\"{&quot;_position&quot;:&quot;fixed&quot;}\" data-widget_type=\"obelisk-title.default\">\n\t\t\t\t<div class=\"elementor-widget-container\">\n\t\t\t\r\n\r\n<div class=\"obelisk-header style-5 text-center\">\r\n    <div class=\"container\">\r\n        <div class=\"row justify-content-center\">\r\n            <div class=\"col-lg-7 col-md-9 static\">\r\n                <div class=\"capt\">\r\n                    <div class=\"parlx text-center\">\r\n                        <h1 class=\"color-font\">Productos y Servicios<\/h1>\r\n                        <p>La creatividad implica romper con patrones esperados y repetibles...<\/p>\r\n                    <\/div>\r\n                    <div class=\"bactxt valign text-center\">\r\n                        <span class=\"full-width\"><\/span>\r\n                    <\/div>\r\n                <\/div>\r\n            <\/div>\r\n        <\/div>\r\n    <\/div>\r\n<\/div>\t\t<\/div>\n\t\t\t\t<\/div>\n\t\t\t\t<div class=\"elementor-element elementor-element-746356df elementor-widget elementor-widget-obelisk-gradient-circle\" data-id=\"746356df\" data-element_type=\"widget\" data-widget_type=\"obelisk-gradient-circle.default\">\n\t\t\t\t<div class=\"elementor-widget-container\">\n\t\t\t    \t\t\r\n        <div class=\"obelisk-gradient-circle fixed\">\r\n            \t\t\t\t<div class=\"gradient-circle one\"><\/div>\r\n            \t\t\t\t<div class=\"gradient-circle two\"><\/div>\r\n\t\t\t        <\/div>\r\n\r\n        \t\t<\/div>\n\t\t\t\t<\/div>\n\t\t\t\t\t<\/div>\n\t\t<\/div>\n\t\t\t\t\t\t\t<\/div>\n\t\t<\/section>\n\t\t\t\t<section class=\"elementor-section elementor-top-section elementor-element elementor-element-4769c9f1 obelisk-section-mode2 elementor-section-boxed elementor-section-height-default elementor-section-height-default\" data-id=\"4769c9f1\" data-element_type=\"section\" data-settings=\"{&quot;background_background&quot;:&quot;classic&quot;}\">\n\t\t\t\t\t\t\t<div class=\"elementor-background-overlay\"><\/div>\n\t\t\t\t\t\t\t<div class=\"elementor-container elementor-column-gap-default\">\n\t\t\t\t\t<div class=\"elementor-column elementor-col-100 elementor-top-column elementor-element elementor-element-a952b7f\" data-id=\"a952b7f\" data-element_type=\"column\">\n\t\t\t<div class=\"elementor-widget-wrap elementor-element-populated\">\n\t\t\t\t\t\t\t\t<div class=\"elementor-element elementor-element-aa523ae elementor-widget elementor-widget-obelisk-portfolio\" data-id=\"aa523ae\" data-element_type=\"widget\" data-widget_type=\"obelisk-portfolio.default\">\n\t\t\t\t<div class=\"elementor-widget-container\">\n\t\t\t            \r\n<div class=\"portfolio style-5 mode-1\"> \r\n    <div class=\"filtering col-12\">\r\n        <div class=\"filter\">\r\n\r\n            \r\n                <span data-filter='*' class=\"active\">\r\n                    All  \r\n                <\/span>\r\n\r\n                            <span data-filter=\".diaponible\">\r\n                    Diaponible \r\n                <\/span>\r\n                            <span data-filter=\".servicio\">\r\n                    Servicio \r\n                <\/span>\r\n            \r\n        <\/div>\r\n    <\/div>\r\n\r\n    \r\n    <div class=\"obelisk-gallery\">  \r\n        \r\n                     <div class=\"col-md-6 items  servicio post-102 portfolio type-portfolio status-publish has-post-thumbnail hentry portfolio_category-servicio  \">\r\n                <div class=\"item\">\r\n                        <div class=\"item-img\">\r\n                            <a href=\"https:\/\/sedapublicidad.com\/home\/portfolio\/senalizacion\/\" class=\"\">\r\n                                <img decoding=\"async\" src=\"https:\/\/sedapublicidad.com\/home\/wp-content\/uploads\/2020\/08\/04.jpg\" alt=\"image\">\r\n                                <div class=\"item-img-overlay\"><\/div>\r\n                            <\/a>\r\n                        <\/div>\r\n                        <div class=\"cont\">\r\n                                                        <h6>Se\u00f1alizaci\u00f3n<\/h6>\r\n                                                            <span>\r\n                                    Servicio                                <\/span>\r\n                                                    <\/div>\r\n                    <\/div>\r\n                <\/div>\r\n\r\n        \r\n                     <div class=\"col-md-6 items  servicio post-105 portfolio type-portfolio status-publish has-post-thumbnail hentry portfolio_category-servicio  \">\r\n                <div class=\"item\">\r\n                        <div class=\"item-img\">\r\n                            <a href=\"https:\/\/sedapublicidad.com\/home\/portfolio\/retablos\/\" class=\"\">\r\n                                <img decoding=\"async\" src=\"https:\/\/sedapublicidad.com\/home\/wp-content\/uploads\/2020\/08\/03.jpg\" alt=\"image\">\r\n                                <div class=\"item-img-overlay\"><\/div>\r\n                            <\/a>\r\n                        <\/div>\r\n                        <div class=\"cont\">\r\n                                                        <h6>Retablos en MDF<\/h6>\r\n                                                            <span>\r\n                                    Servicio                                <\/span>\r\n                                                    <\/div>\r\n                    <\/div>\r\n                <\/div>\r\n\r\n        \r\n                     <div class=\"col-md-6 items  servicio post-108 portfolio type-portfolio status-publish has-post-thumbnail hentry portfolio_category-servicio  \">\r\n                <div class=\"item\">\r\n                        <div class=\"item-img\">\r\n                            <a href=\"https:\/\/sedapublicidad.com\/home\/portfolio\/acrilico\/\" class=\"\">\r\n                                <img decoding=\"async\" src=\"https:\/\/sedapublicidad.com\/home\/wp-content\/uploads\/2020\/08\/acrilico_seda-1-scaled.jpg\" alt=\"image\">\r\n                                <div class=\"item-img-overlay\"><\/div>\r\n                            <\/a>\r\n                        <\/div>\r\n                        <div class=\"cont\">\r\n                                                        <h6>Acr\u00edlico<\/h6>\r\n                                                            <span>\r\n                                    Servicio                                <\/span>\r\n                                                    <\/div>\r\n                    <\/div>\r\n                <\/div>\r\n\r\n        \r\n                     <div class=\"col-md-6 items  servicio post-111 portfolio type-portfolio status-publish has-post-thumbnail hentry portfolio_category-servicio  \">\r\n                <div class=\"item\">\r\n                        <div class=\"item-img\">\r\n                            <a href=\"https:\/\/sedapublicidad.com\/home\/portfolio\/neon\/\" class=\"\">\r\n                                <img decoding=\"async\" src=\"https:\/\/sedapublicidad.com\/home\/wp-content\/uploads\/2020\/08\/neon_seda-4-scaled.jpg\" alt=\"image\">\r\n                                <div class=\"item-img-overlay\"><\/div>\r\n                            <\/a>\r\n                        <\/div>\r\n                        <div class=\"cont\">\r\n                                                        <h6>Ne\u00f3n Flex<\/h6>\r\n                                                            <span>\r\n                                    Servicio                                <\/span>\r\n                                                    <\/div>\r\n                    <\/div>\r\n                <\/div>\r\n\r\n                    <\/div>\r\n<\/div>\t\t<\/div>\n\t\t\t\t<\/div>\n\t\t\t\t\t<\/div>\n\t\t<\/div>\n\t\t\t\t\t\t\t<\/div>\n\t\t<\/section>\n\t\t\t\t\t\t\t<\/div>\n\t\t","protected":false},"excerpt":{"rendered":"<p>Productos y Servicios La creatividad implica romper con patrones esperados y repetibles&#8230; All Diaponible Servicio Se\u00f1alizaci\u00f3n Servicio Retablos en MDF Servicio Acr\u00edlico Servicio Ne\u00f3n Flex Servicio<\/p>\n","protected":false},"author":1,"featured_media":0,"parent":0,"menu_order":0,"comment_status":"closed","ping_status":"closed","template":"blank-builder.php","meta":{"footnotes":""},"_links":{"self":[{"href":"https:\/\/sedapublicidad.com\/home\/wp-json\/wp\/v2\/pages\/4076"}],"collection":[{"href":"https:\/\/sedapublicidad.com\/home\/wp-json\/wp\/v2\/pages"}],"about":[{"href":"https:\/\/sedapublicidad.com\/home\/wp-json\/wp\/v2\/types\/page"}],"author":[{"embeddable":true,"href":"https:\/\/sedapublicidad.com\/home\/wp-json\/wp\/v2\/users\/1"}],"replies":[{"embeddable":true,"href":"https:\/\/sedapublicidad.com\/home\/wp-json\/wp\/v2\/comments?post=4076"}],"version-history":[{"count":7,"href":"https:\/\/sedapublicidad.com\/home\/wp-json\/wp\/v2\/pages\/4076\/revisions"}],"predecessor-version":[{"id":5365,"href":"https:\/\/sedapublicidad.com\/home\/wp-json\/wp\/v2\/pages\/4076\/revisions\/5365"}],"wp:attachment":[{"href":"https:\/\/sedapublicidad.com\/home\/wp-json\/wp\/v2\/media?parent=4076"}],"curies":[{"name":"wp","href":"https:\/\/api.w.org\/{rel}","templated":true}]}}